{"id":1752,"date":"2025-12-01T11:04:19","date_gmt":"2025-12-01T11:04:19","guid":{"rendered":"https:\/\/lhoteldesalpes.com\/?page_id=1752"},"modified":"2025-12-01T13:29:21","modified_gmt":"2025-12-01T13:29:21","slug":"cgv","status":"publish","type":"page","link":"https:\/\/lhoteldesalpes.com\/en\/cgv\/","title":{"rendered":"Terms and Conditions"},"content":{"rendered":"<div data-elementor-type=\"wp-page\" data-elementor-id=\"1752\" class=\"elementor elementor-1752\" data-elementor-post-type=\"page\">\n\t\t\t\t<div class=\"elementor-element elementor-element-467aa75 e-con-full e-flex e-con e-parent\" data-id=\"467aa75\" data-element_type=\"container\" data-e-type=\"container\" data-settings=\"{&quot;background_background&quot;:&quot;classic&quot;}\">\n\t\t\t\t<div class=\"elementor-element elementor-element-accc498 elementor-widget elementor-widget-text-editor\" data-id=\"accc498\" data-element_type=\"widget\" data-e-type=\"widget\" data-widget_type=\"text-editor.default\">\n\t\t\t\t<div class=\"elementor-widget-container\">\n\t\t\t\t\t\t\t\t\t<p>GENERAL TERMS AND CONDITIONS OF SALE<\/p>\t\t\t\t\t\t\t\t<\/div>\n\t\t\t\t<\/div>\n\t\t<div class=\"elementor-element elementor-element-cd13824 e-con-full e-flex e-con e-child\" data-id=\"cd13824\" data-element_type=\"container\" data-e-type=\"container\">\n\t\t\t\t<div class=\"elementor-element elementor-element-a5a49f8 elementor-widget elementor-widget-text-editor\" data-id=\"a5a49f8\" data-element_type=\"widget\" data-e-type=\"widget\" data-widget_type=\"text-editor.default\">\n\t\t\t\t<div class=\"elementor-widget-container\">\n\t\t\t\t\t\t\t\t\t<ol><li>OBJECT<\/li><\/ol>\t\t\t\t\t\t\t\t<\/div>\n\t\t\t\t<\/div>\n\t\t\t\t<div class=\"elementor-element elementor-element-5a52aa6 elementor-widget elementor-widget-text-editor\" data-id=\"5a52aa6\" data-element_type=\"widget\" data-e-type=\"widget\" data-widget_type=\"text-editor.default\">\n\t\t\t\t<div class=\"elementor-widget-container\">\n\t\t\t\t\t\t\t\t\t<p>Any room reservation made with L&#039;H\u00d4TEL DES ALPES, located at 85 Avenue de la Gare \u2013 74130 BONNEVILLE, implies prior consultation and full and unreserved acceptance of these General Terms and Conditions of Sale (GTC). The Client acknowledges having all the necessary information on the hotel&#039;s website https:\/\/lhoteldesalpes.com\/, which includes, in particular:<\/p>\t\t\t\t\t\t\t\t<\/div>\n\t\t\t\t<\/div>\n\t\t\t\t<div class=\"elementor-element elementor-element-5efef3d elementor-widget elementor-widget-text-editor\" data-id=\"5efef3d\" data-element_type=\"widget\" data-e-type=\"widget\" data-widget_type=\"text-editor.default\">\n\t\t\t\t<div class=\"elementor-widget-container\">\n\t\t\t\t\t\t\t\t\t<ul><li>The full contact details for the HOTEL DES ALPES<\/li><li>The main and essential characteristics of the rooms,<br \/>availability dates, prices and services<br \/>additional services offered to customers.<\/li><\/ul>\t\t\t\t\t\t\t\t<\/div>\n\t\t\t\t<\/div>\n\t\t\t\t<\/div>\n\t\t<div class=\"elementor-element elementor-element-dc66cd8 e-con-full e-flex e-con e-child\" data-id=\"dc66cd8\" data-element_type=\"container\" data-e-type=\"container\">\n\t\t\t\t<div class=\"elementor-element elementor-element-26939d4 elementor-widget elementor-widget-text-editor\" data-id=\"26939d4\" data-element_type=\"widget\" data-e-type=\"widget\" data-widget_type=\"text-editor.default\">\n\t\t\t\t<div class=\"elementor-widget-container\">\n\t\t\t\t\t\t\t\t\t<p>2. RESERVATION\u00a0<\/p>\t\t\t\t\t\t\t\t<\/div>\n\t\t\t\t<\/div>\n\t\t\t\t<div class=\"elementor-element elementor-element-c91f826 elementor-widget elementor-widget-text-editor\" data-id=\"c91f826\" data-element_type=\"widget\" data-e-type=\"widget\" data-widget_type=\"text-editor.default\">\n\t\t\t\t<div class=\"elementor-widget-container\">\n\t\t\t\t\t\t\t\t\t<ul><li>The reservation becomes firm upon receipt of written confirmation (email or letter or reservation via the website) from the hotel and receipt of the deposit.<\/li><li>The hotel reserves the right to refuse any reservation in the event of incomplete, irregular, or fraudulent payment. Only guests of legal age and with the legal capacity to enter into contracts are permitted to make a reservation.<\/li><li>The client is solely responsible for choosing the services and ensuring they meet their needs; therefore, HOTEL DES ALPES cannot be held liable in this regard. It is the client&#039;s responsibility to verify the accuracy of their reservation.<\/li><li>The customer can also book additional catering services (breakfast, lunch and dinner) via the website, email or telephone.<\/li><li>Pursuant to Article L221-28 of the French Consumer Code, accommodation and catering services that must be provided on a specific date or during a specific period do not allow for the exercise of the right of withdrawal provided for in Article L221-18 of the French Consumer Code for distance selling contracts. The contract is therefore definitively concluded upon the customer&#039;s booking, in accordance with the terms and conditions specified in these general terms and conditions of sale.<\/li><li>The hotel reserves the right to cancel or refuse any reservation from a guest with whom there is an existing dispute regarding payment for a previous reservation. Each reservation is non-transferable and cannot be assigned to a third party.<\/li><\/ul>\t\t\t\t\t\t\t\t<\/div>\n\t\t\t\t<\/div>\n\t\t\t\t<\/div>\n\t\t<div class=\"elementor-element elementor-element-9398e84 e-con-full e-flex e-con e-child\" data-id=\"9398e84\" data-element_type=\"container\" data-e-type=\"container\">\n\t\t\t\t<div class=\"elementor-element elementor-element-23b3639 elementor-widget elementor-widget-text-editor\" data-id=\"23b3639\" data-element_type=\"widget\" data-e-type=\"widget\" data-widget_type=\"text-editor.default\">\n\t\t\t\t<div class=\"elementor-widget-container\">\n\t\t\t\t\t\t\t\t\t<p>3. PRICES<\/p>\t\t\t\t\t\t\t\t<\/div>\n\t\t\t\t<\/div>\n\t\t\t\t<div class=\"elementor-element elementor-element-2561412 elementor-widget elementor-widget-text-editor\" data-id=\"2561412\" data-element_type=\"widget\" data-e-type=\"widget\" data-widget_type=\"text-editor.default\">\n\t\t\t\t<div class=\"elementor-widget-container\">\n\t\t\t\t\t\t\t\t\t<p>The prices shown are expressed in euros (\u20ac) including all taxes (TTC).<\/p><p>They only include the services specifically mentioned in the booking.<\/p><p>Additional services (optional package for pets, breakfast, parking, tourist tax, etc.) are charged extra.<\/p>\t\t\t\t\t\t\t\t<\/div>\n\t\t\t\t<\/div>\n\t\t\t\t<\/div>\n\t\t<div class=\"elementor-element elementor-element-f775470 e-con-full e-flex e-con e-child\" data-id=\"f775470\" data-element_type=\"container\" data-e-type=\"container\">\n\t\t\t\t<div class=\"elementor-element elementor-element-92657e6 elementor-widget elementor-widget-text-editor\" data-id=\"92657e6\" data-element_type=\"widget\" data-e-type=\"widget\" data-widget_type=\"text-editor.default\">\n\t\t\t\t<div class=\"elementor-widget-container\">\n\t\t\t\t\t\t\t\t\t<p>4. TOURIST TAX<\/p>\t\t\t\t\t\t\t\t<\/div>\n\t\t\t\t<\/div>\n\t\t\t\t<div class=\"elementor-element elementor-element-01b782c elementor-widget elementor-widget-text-editor\" data-id=\"01b782c\" data-element_type=\"widget\" data-e-type=\"widget\" data-widget_type=\"text-editor.default\">\n\t\t\t\t<div class=\"elementor-widget-container\">\n\t\t\t\t\t\t\t\t\t<p>The tourist tax, set by the municipality, is not included in the<br \/>prices and must be paid directly on site.<\/p>\t\t\t\t\t\t\t\t<\/div>\n\t\t\t\t<\/div>\n\t\t\t\t<\/div>\n\t\t<div class=\"elementor-element elementor-element-bb9aa49 e-con-full e-flex e-con e-child\" data-id=\"bb9aa49\" data-element_type=\"container\" data-e-type=\"container\">\n\t\t\t\t<div class=\"elementor-element elementor-element-8b0ae38 elementor-widget elementor-widget-text-editor\" data-id=\"8b0ae38\" data-element_type=\"widget\" data-e-type=\"widget\" data-widget_type=\"text-editor.default\">\n\t\t\t\t<div class=\"elementor-widget-container\">\n\t\t\t\t\t\t\t\t\t<p>5. PAYMENT TERMS<\/p>\t\t\t\t\t\t\t\t<\/div>\n\t\t\t\t<\/div>\n\t\t\t\t<div class=\"elementor-element elementor-element-655660a elementor-widget elementor-widget-text-editor\" data-id=\"655660a\" data-element_type=\"widget\" data-e-type=\"widget\" data-widget_type=\"text-editor.default\">\n\t\t\t\t<div class=\"elementor-widget-container\">\n\t\t\t\t\t\t\t\t\t<p>The client pays for their stay as follows, the nature of the payments being classified as a deposit:<\/p><ul><li>up to 30% upon reservation,<\/li><li>up to 40 %, 30 days before the service,<\/li><li>the balance at the end of the stay or event.<\/li><\/ul><p>\u00a0<\/p><p>The hotel reserves the right to request a credit card imprint upon arrival to guarantee payment for services consumed on the premises. The hotel accepts the following payment methods: Visa\/Mastercard, cash, and bank transfers. Valid identification must be presented upon arrival.<\/p>\t\t\t\t\t\t\t\t<\/div>\n\t\t\t\t<\/div>\n\t\t\t\t<\/div>\n\t\t<div class=\"elementor-element elementor-element-0fbc838 e-con-full e-flex e-con e-child\" data-id=\"0fbc838\" data-element_type=\"container\" data-e-type=\"container\">\n\t\t\t\t<div class=\"elementor-element elementor-element-ab80541 elementor-widget elementor-widget-text-editor\" data-id=\"ab80541\" data-element_type=\"widget\" data-e-type=\"widget\" data-widget_type=\"text-editor.default\">\n\t\t\t\t<div class=\"elementor-widget-container\">\n\t\t\t\t\t\t\t\t\t<p>6. CANCELLATION AND MODIFICATION CONDITIONS<\/p>\t\t\t\t\t\t\t\t<\/div>\n\t\t\t\t<\/div>\n\t\t\t\t<div class=\"elementor-element elementor-element-e7ad648 elementor-widget elementor-widget-text-editor\" data-id=\"e7ad648\" data-element_type=\"widget\" data-e-type=\"widget\" data-widget_type=\"text-editor.default\">\n\t\t\t\t<div class=\"elementor-widget-container\">\n\t\t\t\t\t\t\t\t\t<p>Cancellation of a hotel room reservation must be notified in writing (email or letter).<\/p><p>In case of cancellation:<\/p><ul><li>More than 30 days before arrival: the deposit already paid is fully refunded.<\/li><li>Less than 30 days before arrival or no-show: 50% of the price of the reserved stay will be charged.<\/li><li>Less than 2 days before arrival or no-show: the full price of the reserved stay will be charged.<\/li><\/ul><p>In case of early departure, the full amount of the booked stay remains due.<\/p><p>Cancellation of a reservation for additional services<br \/>catering (breakfast, lunch and dinner) must be notified<br \/>in writing (email or letter) and remains possible for up to 8 days<\/p>\t\t\t\t\t\t\t\t<\/div>\n\t\t\t\t<\/div>\n\t\t\t\t<\/div>\n\t\t<div class=\"elementor-element elementor-element-c5b40f1 e-con-full e-flex e-con e-child\" data-id=\"c5b40f1\" data-element_type=\"container\" data-e-type=\"container\">\n\t\t\t\t<div class=\"elementor-element elementor-element-44a89a5 elementor-widget elementor-widget-text-editor\" data-id=\"44a89a5\" data-element_type=\"widget\" data-e-type=\"widget\" data-widget_type=\"text-editor.default\">\n\t\t\t\t<div class=\"elementor-widget-container\">\n\t\t\t\t\t\t\t\t\t<p>7. ARRIVAL AND DEPARTURE<\/p>\t\t\t\t\t\t\t\t<\/div>\n\t\t\t\t<\/div>\n\t\t\t\t<div class=\"elementor-element elementor-element-02d9df0 elementor-widget elementor-widget-text-editor\" data-id=\"02d9df0\" data-element_type=\"widget\" data-e-type=\"widget\" data-widget_type=\"text-editor.default\">\n\t\t\t\t<div class=\"elementor-widget-container\">\n\t\t\t\t\t\t\t\t\t<p>Rooms are available from 2 pm on the day of arrival (until 7:30 pm) and must be vacated by 11 am on the day of departure. Any late check-in or check-out may result in an additional night&#039;s charge.<\/p>\t\t\t\t\t\t\t\t<\/div>\n\t\t\t\t<\/div>\n\t\t\t\t<\/div>\n\t\t<div class=\"elementor-element elementor-element-86333bd e-con-full e-flex e-con e-child\" data-id=\"86333bd\" data-element_type=\"container\" data-e-type=\"container\">\n\t\t\t\t<div class=\"elementor-element elementor-element-4b6add4 elementor-widget elementor-widget-text-editor\" data-id=\"4b6add4\" data-element_type=\"widget\" data-e-type=\"widget\" data-widget_type=\"text-editor.default\">\n\t\t\t\t<div class=\"elementor-widget-container\">\n\t\t\t\t\t\t\t\t\t<p>8. RESPONSIBILITY<\/p>\t\t\t\t\t\t\t\t<\/div>\n\t\t\t\t<\/div>\n\t\t\t\t<div class=\"elementor-element elementor-element-a2db90d elementor-widget elementor-widget-text-editor\" data-id=\"a2db90d\" data-element_type=\"widget\" data-e-type=\"widget\" data-widget_type=\"text-editor.default\">\n\t\t\t\t<div class=\"elementor-widget-container\">\n\t\t\t\t\t\t\t\t\t<p>The guest is responsible for any damage caused by themselves or their companions within the hotel. The hotel accepts no responsibility for theft, loss, or damage to guests&#039; personal belongings, except for items deposited in the hotel safe in accordance with Articles 1952 et seq. of the French Civil Code.<\/p><p>During their stay, guests agree to use their rented room responsibly and with due care. Smoking is prohibited within the hotel premises.<\/p><p>The company H\u00d4TEL DES ALPES may ask the client to leave the hotel without any compensation being paid and to pay the full price of the reservation, in particular in the event of behavior contrary to good morals or public order, or in the event of damage, deterioration, act of vandalism occurring on his part or on the part of his employees, during the hotel stay, on any movable or immovable property, furniture, decoration or other present in the hotel.<\/p><p>The hotel offers Wi-Fi access. The client agrees not to use the computer resources for the purpose of reproducing, representing, making available or communicating to the public any property protected by copyright or related rights without the authorization of the rights holders and in violation of their rights.<\/p>\t\t\t\t\t\t\t\t<\/div>\n\t\t\t\t<\/div>\n\t\t\t\t<\/div>\n\t\t<div class=\"elementor-element elementor-element-20c287c e-con-full e-flex e-con e-child\" data-id=\"20c287c\" data-element_type=\"container\" data-e-type=\"container\">\n\t\t\t\t<div class=\"elementor-element elementor-element-c7832f0 elementor-widget elementor-widget-text-editor\" data-id=\"c7832f0\" data-element_type=\"widget\" data-e-type=\"widget\" data-widget_type=\"text-editor.default\">\n\t\t\t\t<div class=\"elementor-widget-container\">\n\t\t\t\t\t\t\t\t\t<p>9. ANIMALS<\/p>\t\t\t\t\t\t\t\t<\/div>\n\t\t\t\t<\/div>\n\t\t\t\t<div class=\"elementor-element elementor-element-aca4d69 elementor-widget elementor-widget-text-editor\" data-id=\"aca4d69\" data-element_type=\"widget\" data-e-type=\"widget\" data-widget_type=\"text-editor.default\">\n\t\t\t\t<div class=\"elementor-widget-container\">\n\t\t\t\t\t\t\t\t\t<p>The H\u00d4TEL DES ALPES can accommodate certain pets for an additional fee. However, for more information regarding these conditions, guests are advised to contact the H\u00d4TEL DES ALPES directly. Throughout the stay, the pet remains the sole responsibility of the guest. For hygiene reasons, pets are not allowed in the dining areas.<\/p>\t\t\t\t\t\t\t\t<\/div>\n\t\t\t\t<\/div>\n\t\t\t\t<\/div>\n\t\t<div class=\"elementor-element elementor-element-f20f088 e-con-full e-flex e-con e-child\" data-id=\"f20f088\" data-element_type=\"container\" data-e-type=\"container\">\n\t\t\t\t<div class=\"elementor-element elementor-element-1b961de elementor-widget elementor-widget-text-editor\" data-id=\"1b961de\" data-element_type=\"widget\" data-e-type=\"widget\" data-widget_type=\"text-editor.default\">\n\t\t\t\t<div class=\"elementor-widget-container\">\n\t\t\t\t\t\t\t\t\t<p>10. FORCE MAJEURE \u2013 EMPTION<\/p>\t\t\t\t\t\t\t\t<\/div>\n\t\t\t\t<\/div>\n\t\t\t\t<div class=\"elementor-element elementor-element-6a5e2f0 elementor-widget elementor-widget-text-editor\" data-id=\"6a5e2f0\" data-element_type=\"widget\" data-e-type=\"widget\" data-widget_type=\"text-editor.default\">\n\t\t\t\t<div class=\"elementor-widget-container\">\n\t\t\t\t\t\t\t\t\t<p>The hotel cannot be held liable for unforeseen and insurmountable events (strikes, natural disasters, technical failures, administrative decisions, etc.) that prevent the provision of services. In the event of force majeure, only the deposit paid will be refunded to the client, excluding any additional sums, unless the hotel has been able to accommodate the client in a hotel of equivalent category offering similar services, and provided that the client has been informed of this beforehand.<\/p>\t\t\t\t\t\t\t\t<\/div>\n\t\t\t\t<\/div>\n\t\t\t\t<\/div>\n\t\t<div class=\"elementor-element elementor-element-cb085ac e-con-full e-flex e-con e-child\" data-id=\"cb085ac\" data-element_type=\"container\" data-e-type=\"container\">\n\t\t\t\t<div class=\"elementor-element elementor-element-bd0ce36 elementor-widget elementor-widget-text-editor\" data-id=\"bd0ce36\" data-element_type=\"widget\" data-e-type=\"widget\" data-widget_type=\"text-editor.default\">\n\t\t\t\t<div class=\"elementor-widget-container\">\n\t\t\t\t\t\t\t\t\t<p>11. CLAIMS AND DISPUTES<\/p>\t\t\t\t\t\t\t\t<\/div>\n\t\t\t\t<\/div>\n\t\t\t\t<div class=\"elementor-element elementor-element-15fce2c elementor-widget elementor-widget-text-editor\" data-id=\"15fce2c\" data-element_type=\"widget\" data-e-type=\"widget\" data-widget_type=\"text-editor.default\">\n\t\t\t\t<div class=\"elementor-widget-container\">\n\t\t\t\t\t\t\t\t\t<p>The client has 8 days from their departure date from the hotel to submit, in writing, any reservations or complaints regarding the hotel&#039;s services, along with all supporting documentation, to the hotel. No complaint will be validly accepted if the client fails to comply with this procedure and deadlines.<\/p><p>In the event of a dispute and after appealing to management, the customer has the option of contacting a consumer mediator free of charge:<br \/>Tourism and Travel Mediation (MTV) \u2013 BP 80303 \u2013 75823 Paris Cedex 17<br \/>Website: www.mtv.travel<\/p>\t\t\t\t\t\t\t\t<\/div>\n\t\t\t\t<\/div>\n\t\t\t\t<\/div>\n\t\t<div class=\"elementor-element elementor-element-290d043 e-con-full e-flex e-con e-child\" data-id=\"290d043\" data-element_type=\"container\" data-e-type=\"container\">\n\t\t\t\t<div class=\"elementor-element elementor-element-d74e4fb elementor-widget elementor-widget-text-editor\" data-id=\"d74e4fb\" data-element_type=\"widget\" data-e-type=\"widget\" data-widget_type=\"text-editor.default\">\n\t\t\t\t<div class=\"elementor-widget-container\">\n\t\t\t\t\t\t\t\t\t<p>12. PROTECTION OF PERSONAL DATA<\/p>\t\t\t\t\t\t\t\t<\/div>\n\t\t\t\t<\/div>\n\t\t\t\t<div class=\"elementor-element elementor-element-edfdaa2 elementor-widget elementor-widget-text-editor\" data-id=\"edfdaa2\" data-element_type=\"widget\" data-e-type=\"widget\" data-widget_type=\"text-editor.default\">\n\t\t\t\t<div class=\"elementor-widget-container\">\n\t\t\t\t\t\t\t\t\t<p>The information collected is necessary for managing reservations and may be used for marketing purposes if the customer consents. In accordance with Regulation (EU) 2016\/679 (GDPR), the customer has the right to access, rectify, and object to the processing of their personal data by contacting: info@lhoteldesalpes.com.<\/p>\t\t\t\t\t\t\t\t<\/div>\n\t\t\t\t<\/div>\n\t\t\t\t<\/div>\n\t\t<div class=\"elementor-element elementor-element-febd6b1 e-con-full e-flex e-con e-child\" data-id=\"febd6b1\" data-element_type=\"container\" data-e-type=\"container\">\n\t\t\t\t<div class=\"elementor-element elementor-element-d09d13b elementor-widget elementor-widget-text-editor\" data-id=\"d09d13b\" data-element_type=\"widget\" data-e-type=\"widget\" data-widget_type=\"text-editor.default\">\n\t\t\t\t<div class=\"elementor-widget-container\">\n\t\t\t\t\t\t\t\t\t<p>13. PRE-CONTRACTUAL INFORMATION \u2013 CUSTOMER ACCEPTANCE<\/p>\t\t\t\t\t\t\t\t<\/div>\n\t\t\t\t<\/div>\n\t\t\t\t<div class=\"elementor-element elementor-element-c439da6 elementor-widget elementor-widget-text-editor\" data-id=\"c439da6\" data-element_type=\"widget\" data-e-type=\"widget\" data-widget_type=\"text-editor.default\">\n\t\t\t\t<div class=\"elementor-widget-container\">\n\t\t\t\t\t\t\t\t\t<p>The customer acknowledges having received, prior to making their reservation and concluding the contract, in a legible and understandable manner, these general terms and conditions and all the information listed in Article L221-5<br \/>of the Consumer Code, and in particular the following information:<\/p><p><br \/>1. The essential characteristics of the services,<br \/>2. The price of services and related charges,<br \/>3. The date on which, or the period within which, the professional undertakes to deliver the goods or provide the service,<br \/>4. Information relating to his\/her identity, postal, telephone and electronic contact details, termination procedures, dispute resolution methods, and other contractual conditions.,<br \/>5. Information relating to legal and contractual guarantees and their implementation procedures,<br \/>6\u00b0 The possibility of resorting to a consumer mediator; ;<br \/>7\u00b0 When the right of withdrawal cannot be exercised pursuant to Article L. 221-28, the information that the consumer does not benefit from this right.<\/p>\t\t\t\t\t\t\t\t<\/div>\n\t\t\t\t<\/div>\n\t\t\t\t<\/div>\n\t\t\t\t<\/div>\n\t\t\t\t<\/div>","protected":false},"excerpt":{"rendered":"<p>CONDITIONS G\u00c9N\u00c9RALES DE VENTE OBJET Toute r\u00e9servation de chambre(s) effectu\u00e9e aupr\u00e8s de L\u2019H\u00d4TEL DES ALPES, situ\u00e9 85 Avenue de la Gare &#8211; 74130 BONNEVILLE suppose la consultation et l\u2019acceptation compl\u00e8te et sans r\u00e9serve des pr\u00e9sentes Conditions G\u00e9n\u00e9rales de Vente (CGV). Le Client reconna\u00eet disposer de toutes les informations n\u00e9cessaires sur le site internet de l\u2019h\u00f4tel [&hellip;]<\/p>\n","protected":false},"author":1,"featured_media":0,"parent":0,"menu_order":0,"comment_status":"closed","ping_status":"closed","template":"","meta":{"footnotes":""},"class_list":["post-1752","page","type-page","status-publish","hentry"],"_links":{"self":[{"href":"https:\/\/lhoteldesalpes.com\/en\/wp-json\/wp\/v2\/pages\/1752","targetHints":{"allow":["GET"]}}],"collection":[{"href":"https:\/\/lhoteldesalpes.com\/en\/wp-json\/wp\/v2\/pages"}],"about":[{"href":"https:\/\/lhoteldesalpes.com\/en\/wp-json\/wp\/v2\/types\/page"}],"author":[{"embeddable":true,"href":"https:\/\/lhoteldesalpes.com\/en\/wp-json\/wp\/v2\/users\/1"}],"replies":[{"embeddable":true,"href":"https:\/\/lhoteldesalpes.com\/en\/wp-json\/wp\/v2\/comments?post=1752"}],"version-history":[{"count":7,"href":"https:\/\/lhoteldesalpes.com\/en\/wp-json\/wp\/v2\/pages\/1752\/revisions"}],"predecessor-version":[{"id":1765,"href":"https:\/\/lhoteldesalpes.com\/en\/wp-json\/wp\/v2\/pages\/1752\/revisions\/1765"}],"wp:attachment":[{"href":"https:\/\/lhoteldesalpes.com\/en\/wp-json\/wp\/v2\/media?parent=1752"}],"curies":[{"name":"wp","href":"https:\/\/api.w.org\/{rel}","templated":true}]}}