{"id":1757,"date":"2025-12-01T11:05:12","date_gmt":"2025-12-01T11:05:12","guid":{"rendered":"https:\/\/lhoteldesalpes.com\/?page_id=1757"},"modified":"2025-12-01T14:13:33","modified_gmt":"2025-12-01T14:13:33","slug":"room-directory","status":"publish","type":"page","link":"https:\/\/lhoteldesalpes.com\/en\/room-directory\/","title":{"rendered":"Room Directory"},"content":{"rendered":"<div data-elementor-type=\"wp-page\" data-elementor-id=\"1757\" class=\"elementor elementor-1757\" data-elementor-post-type=\"page\">\n\t\t\t\t<div class=\"elementor-element elementor-element-f5debd2 e-con-full e-flex e-con e-parent\" data-id=\"f5debd2\" data-element_type=\"container\" data-e-type=\"container\" data-settings=\"{&quot;background_background&quot;:&quot;classic&quot;}\">\n\t\t\t\t<div class=\"elementor-element elementor-element-1bee288 elementor-widget__width-initial elementor-widget elementor-widget-image\" data-id=\"1bee288\" data-element_type=\"widget\" data-e-type=\"widget\" data-widget_type=\"image.default\">\n\t\t\t\t<div class=\"elementor-widget-container\">\n\t\t\t\t\t\t\t\t\t\t\t\t\t\t\t<img fetchpriority=\"high\" decoding=\"async\" width=\"800\" height=\"302\" src=\"https:\/\/lhoteldesalpes.com\/wp-content\/uploads\/2025\/03\/Calque-1-2-1024x386.png\" class=\"attachment-large size-large wp-image-700\" alt=\"Logo H\u00f4tel des Alpes\" srcset=\"https:\/\/lhoteldesalpes.com\/wp-content\/uploads\/2025\/03\/Calque-1-2-1024x386.png 1024w, https:\/\/lhoteldesalpes.com\/wp-content\/uploads\/2025\/03\/Calque-1-2-300x113.png 300w, https:\/\/lhoteldesalpes.com\/wp-content\/uploads\/2025\/03\/Calque-1-2-768x290.png 768w, https:\/\/lhoteldesalpes.com\/wp-content\/uploads\/2025\/03\/Calque-1-2.png 1305w\" sizes=\"(max-width: 800px) 100vw, 800px\" \/>\t\t\t\t\t\t\t\t\t\t\t\t\t\t\t<\/div>\n\t\t\t\t<\/div>\n\t\t\t\t<div class=\"elementor-element elementor-element-4ab78e8 elementor-widget-divider--view-line elementor-widget elementor-widget-divider\" data-id=\"4ab78e8\" data-element_type=\"widget\" data-e-type=\"widget\" data-widget_type=\"divider.default\">\n\t\t\t\t<div class=\"elementor-widget-container\">\n\t\t\t\t\t\t\t<div class=\"elementor-divider\">\n\t\t\t<span class=\"elementor-divider-separator\">\n\t\t\t\t\t\t<\/span>\n\t\t<\/div>\n\t\t\t\t\t\t<\/div>\n\t\t\t\t<\/div>\n\t\t\t\t<div class=\"elementor-element elementor-element-415f500 elementor-widget elementor-widget-text-editor\" data-id=\"415f500\" data-element_type=\"widget\" data-e-type=\"widget\" data-widget_type=\"text-editor.default\">\n\t\t\t\t<div class=\"elementor-widget-container\">\n\t\t\t\t\t\t\t\t\t<p>Room Directory<\/p>\t\t\t\t\t\t\t\t<\/div>\n\t\t\t\t<\/div>\n\t\t\t\t<div class=\"elementor-element elementor-element-412c01d elementor-widget-divider--view-line elementor-widget elementor-widget-divider\" data-id=\"412c01d\" data-element_type=\"widget\" data-e-type=\"widget\" data-widget_type=\"divider.default\">\n\t\t\t\t<div class=\"elementor-widget-container\">\n\t\t\t\t\t\t\t<div class=\"elementor-divider\">\n\t\t\t<span class=\"elementor-divider-separator\">\n\t\t\t\t\t\t<\/span>\n\t\t<\/div>\n\t\t\t\t\t\t<\/div>\n\t\t\t\t<\/div>\n\t\t\t\t<\/div>\n\t\t<div class=\"elementor-element elementor-element-5d0bc54 e-flex e-con-boxed e-con e-child\" data-id=\"5d0bc54\" data-element_type=\"container\" data-e-type=\"container\">\n\t\t\t\t\t<div class=\"e-con-inner\">\n\t\t\t\t<div class=\"elementor-element elementor-element-195b178 elementor-widget elementor-widget-text-editor\" data-id=\"195b178\" data-element_type=\"widget\" data-e-type=\"widget\" data-widget_type=\"text-editor.default\">\n\t\t\t\t<div class=\"elementor-widget-container\">\n\t\t\t\t\t\t\t\t\t<p>The Hotel des Alpes:<\/p>\t\t\t\t\t\t\t\t<\/div>\n\t\t\t\t<\/div>\n\t\t\t\t<div class=\"elementor-element elementor-element-762ad86 elementor-widget elementor-widget-text-editor\" data-id=\"762ad86\" data-element_type=\"widget\" data-e-type=\"widget\" data-widget_type=\"text-editor.default\">\n\t\t\t\t<div class=\"elementor-widget-container\">\n\t\t\t\t\t\t\t\t\t<p>Ideally located just steps from Bonneville train station, the hotel is open year-round. Our establishment is not equipped to accommodate guests with reduced mobility.<\/p>\t\t\t\t\t\t\t\t<\/div>\n\t\t\t\t<\/div>\n\t\t\t\t<div class=\"elementor-element elementor-element-e566911 elementor-widget elementor-widget-text-editor\" data-id=\"e566911\" data-element_type=\"widget\" data-e-type=\"widget\" data-widget_type=\"text-editor.default\">\n\t\t\t\t<div class=\"elementor-widget-container\">\n\t\t\t\t\t\t\t\t\t<p>The property has 16 rooms without an elevator<\/p><ul><li>5 Standard Rooms<\/li><li>6 Superior Rooms<\/li><li>3 Triple Rooms<\/li><li>2 family rooms that can accommodate up to 4 people<\/li><\/ul>\t\t\t\t\t\t\t\t<\/div>\n\t\t\t\t<\/div>\n\t\t\t\t<div class=\"elementor-element elementor-element-0fc2ba0 elementor-widget elementor-widget-text-editor\" data-id=\"0fc2ba0\" data-element_type=\"widget\" data-e-type=\"widget\" data-widget_type=\"text-editor.default\">\n\t\t\t\t<div class=\"elementor-widget-container\">\n\t\t\t\t\t\t\t\t\t<p>All our rooms are equipped with a renovated shower room (walk-in shower, towel warmer, hairdryer, complimentary toiletries)<\/p><ul><li>WC<\/li><li>Flat screen television<\/li><li>Canal+ offers something to satisfy both sports fans and film buffs.<\/li><li>Phone<\/li><li>Free Wi-Fi access<\/li><\/ul>\t\t\t\t\t\t\t\t<\/div>\n\t\t\t\t<\/div>\n\t\t\t\t<div class=\"elementor-element elementor-element-2c44537 elementor-widget elementor-widget-text-editor\" data-id=\"2c44537\" data-element_type=\"widget\" data-e-type=\"widget\" data-widget_type=\"text-editor.default\">\n\t\t\t\t<div class=\"elementor-widget-container\">\n\t\t\t\t\t\t\t\t\t<p>ALL ROOMS ARE NON-SMOKING<\/p>\t\t\t\t\t\t\t\t<\/div>\n\t\t\t\t<\/div>\n\t\t\t\t<div class=\"elementor-element elementor-element-a16e97b elementor-widget elementor-widget-text-editor\" data-id=\"a16e97b\" data-element_type=\"widget\" data-e-type=\"widget\" data-widget_type=\"text-editor.default\">\n\t\t\t\t<div class=\"elementor-widget-container\">\n\t\t\t\t\t\t\t\t\t<p>Available upon request:<\/p><ul><li>Safe,<\/li><li>Ironing board and iron,<\/li><li>Travel cot,<\/li><li>Microwave at reception.<\/li><\/ul>\t\t\t\t\t\t\t\t<\/div>\n\t\t\t\t<\/div>\n\t\t<div class=\"elementor-element elementor-element-7dbdcc5 e-con-full e-flex e-con e-child\" data-id=\"7dbdcc5\" data-element_type=\"container\" data-e-type=\"container\">\n\t\t<div class=\"elementor-element elementor-element-bda4e06 e-con-full e-flex e-con e-child\" data-id=\"bda4e06\" data-element_type=\"container\" data-e-type=\"container\">\n\t\t\t\t<div class=\"elementor-element elementor-element-3509da7 elementor-widget elementor-widget-text-editor\" data-id=\"3509da7\" data-element_type=\"widget\" data-e-type=\"widget\" data-widget_type=\"text-editor.default\">\n\t\t\t\t<div class=\"elementor-widget-container\">\n\t\t\t\t\t\t\t\t\tCHECK-IN\t\t\t\t\t\t\t\t<\/div>\n\t\t\t\t<\/div>\n\t\t\t\t<div class=\"elementor-element elementor-element-813f58d elementor-widget elementor-widget-text-editor\" data-id=\"813f58d\" data-element_type=\"widget\" data-e-type=\"widget\" data-widget_type=\"text-editor.default\">\n\t\t\t\t<div class=\"elementor-widget-container\">\n\t\t\t\t\t\t\t\t\t<p>From 2 PM to 7 PM<\/p>\t\t\t\t\t\t\t\t<\/div>\n\t\t\t\t<\/div>\n\t\t\t\t<\/div>\n\t\t<div class=\"elementor-element elementor-element-df01936 e-con-full e-flex e-con e-child\" data-id=\"df01936\" data-element_type=\"container\" data-e-type=\"container\">\n\t\t\t\t<div class=\"elementor-element elementor-element-45c8680 elementor-widget elementor-widget-text-editor\" data-id=\"45c8680\" data-element_type=\"widget\" data-e-type=\"widget\" data-widget_type=\"text-editor.default\">\n\t\t\t\t<div class=\"elementor-widget-container\">\n\t\t\t\t\t\t\t\t\tCHECK-OUT\t\t\t\t\t\t\t\t<\/div>\n\t\t\t\t<\/div>\n\t\t\t\t<div class=\"elementor-element elementor-element-cb0372a elementor-widget elementor-widget-text-editor\" data-id=\"cb0372a\" data-element_type=\"widget\" data-e-type=\"widget\" data-widget_type=\"text-editor.default\">\n\t\t\t\t<div class=\"elementor-widget-container\">\n\t\t\t\t\t\t\t\t\t<p>Until 11am<br \/>Late departure 50% of the night<\/p>\t\t\t\t\t\t\t\t<\/div>\n\t\t\t\t<\/div>\n\t\t\t\t<\/div>\n\t\t\t\t<\/div>\n\t\t\t\t<div class=\"elementor-element elementor-element-283b51b elementor-widget elementor-widget-text-editor\" data-id=\"283b51b\" data-element_type=\"widget\" data-e-type=\"widget\" data-widget_type=\"text-editor.default\">\n\t\t\t\t<div class=\"elementor-widget-container\">\n\t\t\t\t\t\t\t\t\tPets\t\t\t\t\t\t\t\t<\/div>\n\t\t\t\t<\/div>\n\t\t\t\t<div class=\"elementor-element elementor-element-abbac0a elementor-widget elementor-widget-text-editor\" data-id=\"abbac0a\" data-element_type=\"widget\" data-e-type=\"widget\" data-widget_type=\"text-editor.default\">\n\t\t\t\t<div class=\"elementor-widget-container\">\n\t\t\t\t\t\t\t\t\t<p>\u20ac10 per night.<br \/>Pets are allowed. A mat and a water bowl will be provided in the room.<\/p>\t\t\t\t\t\t\t\t<\/div>\n\t\t\t\t<\/div>\n\t\t\t\t<div class=\"elementor-element elementor-element-1c1bc3c elementor-widget elementor-widget-text-editor\" data-id=\"1c1bc3c\" data-element_type=\"widget\" data-e-type=\"widget\" data-widget_type=\"text-editor.default\">\n\t\t\t\t<div class=\"elementor-widget-container\">\n\t\t\t\t\t\t\t\t\tOutdoor Parking\t\t\t\t\t\t\t\t<\/div>\n\t\t\t\t<\/div>\n\t\t\t\t<div class=\"elementor-element elementor-element-7e62d55 elementor-widget elementor-widget-text-editor\" data-id=\"7e62d55\" data-element_type=\"widget\" data-e-type=\"widget\" data-widget_type=\"text-editor.default\">\n\t\t\t\t<div class=\"elementor-widget-container\">\n\t\t\t\t\t\t\t\t\t<p>\u20ac10 per night.<br \/>The parking area is located in the inner courtyard. A 220V electrical outlet is available for electric vehicles. It is secured by an automatic gate.<\/p>\t\t\t\t\t\t\t\t<\/div>\n\t\t\t\t<\/div>\n\t\t\t\t<div class=\"elementor-element elementor-element-fa701be elementor-widget elementor-widget-text-editor\" data-id=\"fa701be\" data-element_type=\"widget\" data-e-type=\"widget\" data-widget_type=\"text-editor.default\">\n\t\t\t\t<div class=\"elementor-widget-container\">\n\t\t\t\t\t\t\t\t\t<p>In case of damage, management will be obliged to charge you an additional cleaning fee of \u20ac50.<\/p>\t\t\t\t\t\t\t\t<\/div>\n\t\t\t\t<\/div>\n\t\t\t\t\t<\/div>\n\t\t\t\t<\/div>\n\t\t<div class=\"elementor-element elementor-element-56c1bb9 e-flex e-con-boxed e-con e-child\" data-id=\"56c1bb9\" data-element_type=\"container\" data-e-type=\"container\" data-settings=\"{&quot;background_background&quot;:&quot;classic&quot;}\">\n\t\t\t\t\t<div class=\"e-con-inner\">\n\t\t\t\t<div class=\"elementor-element elementor-element-50ce1d2 elementor-widget elementor-widget-image\" data-id=\"50ce1d2\" data-element_type=\"widget\" data-e-type=\"widget\" data-widget_type=\"image.default\">\n\t\t\t\t<div class=\"elementor-widget-container\">\n\t\t\t\t\t\t\t\t\t\t\t\t\t\t\t<img decoding=\"async\" width=\"738\" height=\"164\" src=\"https:\/\/lhoteldesalpes.com\/wp-content\/uploads\/2025\/03\/Le-Restaurant-des-Alpes.png\" class=\"attachment-large size-large wp-image-207\" alt=\"Logo marron H\u00f4tel des Alpes\" srcset=\"https:\/\/lhoteldesalpes.com\/wp-content\/uploads\/2025\/03\/Le-Restaurant-des-Alpes.png 738w, https:\/\/lhoteldesalpes.com\/wp-content\/uploads\/2025\/03\/Le-Restaurant-des-Alpes-300x67.png 300w\" sizes=\"(max-width: 738px) 100vw, 738px\" \/>\t\t\t\t\t\t\t\t\t\t\t\t\t\t\t<\/div>\n\t\t\t\t<\/div>\n\t\t\t\t<div class=\"elementor-element elementor-element-59d4994 elementor-widget elementor-widget-text-editor\" data-id=\"59d4994\" data-element_type=\"widget\" data-e-type=\"widget\" data-widget_type=\"text-editor.default\">\n\t\t\t\t<div class=\"elementor-widget-container\">\n\t\t\t\t\t\t\t\t\t<p>We are committed to offering you delicious and accessible cuisine, showcasing the<br \/>local products, following the rhythm of the seasons and our encounters.<\/p><p>Enjoy a warm setting or a sunny terrace all year round.<\/p><p>Supporter of good food and good drink,<\/p><p>Welcome to our home!<\/p>\t\t\t\t\t\t\t\t<\/div>\n\t\t\t\t<\/div>\n\t\t\t\t<div class=\"elementor-element elementor-element-7c23aa2 elementor-widget-divider--view-line elementor-widget elementor-widget-divider\" data-id=\"7c23aa2\" data-element_type=\"widget\" data-e-type=\"widget\" data-widget_type=\"divider.default\">\n\t\t\t\t<div class=\"elementor-widget-container\">\n\t\t\t\t\t\t\t<div class=\"elementor-divider\">\n\t\t\t<span class=\"elementor-divider-separator\">\n\t\t\t\t\t\t<\/span>\n\t\t<\/div>\n\t\t\t\t\t\t<\/div>\n\t\t\t\t<\/div>\n\t\t\t\t<div class=\"elementor-element elementor-element-7a768e0 elementor-widget elementor-widget-text-editor\" data-id=\"7a768e0\" data-element_type=\"widget\" data-e-type=\"widget\" data-widget_type=\"text-editor.default\">\n\t\t\t\t<div class=\"elementor-widget-container\">\n\t\t\t\t\t\t\t\t\tBREAKFAST\t\t\t\t\t\t\t\t<\/div>\n\t\t\t\t<\/div>\n\t\t\t\t<div class=\"elementor-element elementor-element-6f36346 elementor-widget elementor-widget-text-editor\" data-id=\"6f36346\" data-element_type=\"widget\" data-e-type=\"widget\" data-widget_type=\"text-editor.default\">\n\t\t\t\t<div class=\"elementor-widget-container\">\n\t\t\t\t\t\t\t\t\t<p>In the form of a buffet, it is served within the restaurant premises with the possibility of enjoying it on the terrace when the weather is nice.<\/p><ul><li>Monday to Thursday: 6:30am \u2013 9:30am.<\/li><li>Saturday and Sunday: 7:30 am \u2013 10:00 am<br \/><strong>\u20ac14 for adults.<\/strong><br \/><strong>\u20ac10 for children under 10 years old.<\/strong><\/li><\/ul>\t\t\t\t\t\t\t\t<\/div>\n\t\t\t\t<\/div>\n\t\t\t\t<div class=\"elementor-element elementor-element-3468d31 elementor-widget elementor-widget-text-editor\" data-id=\"3468d31\" data-element_type=\"widget\" data-e-type=\"widget\" data-widget_type=\"text-editor.default\">\n\t\t\t\t<div class=\"elementor-widget-container\">\n\t\t\t\t\t\t\t\t\tRESTAURANT\t\t\t\t\t\t\t\t<\/div>\n\t\t\t\t<\/div>\n\t\t\t\t<div class=\"elementor-element elementor-element-0de5e67 elementor-widget elementor-widget-text-editor\" data-id=\"0de5e67\" data-element_type=\"widget\" data-e-type=\"widget\" data-widget_type=\"text-editor.default\">\n\t\t\t\t<div class=\"elementor-widget-container\">\n\t\t\t\t\t\t\t\t\t<p>Open Monday to Friday from 12pm to 3pm.<br \/>We are open from Monday to Thursday evenings in the form of &quot;Soir\u00e9e \u00c9tapes&quot; by reservation only*.<\/p>\t\t\t\t\t\t\t\t<\/div>\n\t\t\t\t<\/div>\n\t\t\t\t<div class=\"elementor-element elementor-element-da146f6 elementor-mobile-align-center elementor-tablet-align-left elementor-widget elementor-widget-button\" data-id=\"da146f6\" data-element_type=\"widget\" data-e-type=\"widget\" data-widget_type=\"button.default\">\n\t\t\t\t<div class=\"elementor-widget-container\">\n\t\t\t\t\t\t\t\t\t<div class=\"elementor-button-wrapper\">\n\t\t\t\t\t<a class=\"elementor-button elementor-button-link elementor-size-sm\" href=\"https:\/\/lhoteldesalpes.com\/restaurant\/\">\n\t\t\t\t\t\t<span class=\"elementor-button-content-wrapper\">\n\t\t\t\t\t\t\t\t\t<span class=\"elementor-button-text\">Discover<\/span>\n\t\t\t\t\t<\/span>\n\t\t\t\t\t<\/a>\n\t\t\t\t<\/div>\n\t\t\t\t\t\t\t\t<\/div>\n\t\t\t\t<\/div>\n\t\t\t\t<div class=\"elementor-element elementor-element-a9b994e elementor-widget elementor-widget-text-editor\" data-id=\"a9b994e\" data-element_type=\"widget\" data-e-type=\"widget\" data-widget_type=\"text-editor.default\">\n\t\t\t\t<div class=\"elementor-widget-container\">\n\t\t\t\t\t\t\t\t\tWe organize themed events, all the dates can be found on our website (Catering).\t\t\t\t\t\t\t\t<\/div>\n\t\t\t\t<\/div>\n\t\t\t\t<div class=\"elementor-element elementor-element-0ef5469 elementor-widget elementor-widget-text-editor\" data-id=\"0ef5469\" data-element_type=\"widget\" data-e-type=\"widget\" data-widget_type=\"text-editor.default\">\n\t\t\t\t<div class=\"elementor-widget-container\">\n\t\t\t\t\t\t\t\t\t<p><em>*Except on the day before a public holiday and on a public holiday<\/em><\/p>\t\t\t\t\t\t\t\t<\/div>\n\t\t\t\t<\/div>\n\t\t\t\t<div class=\"elementor-element elementor-element-381fc95 elementor-widget elementor-widget-text-editor\" data-id=\"381fc95\" data-element_type=\"widget\" data-e-type=\"widget\" data-widget_type=\"text-editor.default\">\n\t\t\t\t<div class=\"elementor-widget-container\">\n\t\t\t\t\t\t\t\t\tTHE SHOP\t\t\t\t\t\t\t\t<\/div>\n\t\t\t\t<\/div>\n\t\t\t\t<div class=\"elementor-element elementor-element-fcd1a2f elementor-widget elementor-widget-text-editor\" data-id=\"fcd1a2f\" data-element_type=\"widget\" data-e-type=\"widget\" data-widget_type=\"text-editor.default\">\n\t\t\t\t<div class=\"elementor-widget-container\">\n\t\t\t\t\t\t\t\t\t<p>This is located in the Reception Hall; we are pleased to work with local producers.<\/p>\t\t\t\t\t\t\t\t<\/div>\n\t\t\t\t<\/div>\n\t\t\t\t<div class=\"elementor-element elementor-element-98c04d8 elementor-widget elementor-widget-text-editor\" data-id=\"98c04d8\" data-element_type=\"widget\" data-e-type=\"widget\" data-widget_type=\"text-editor.default\">\n\t\t\t\t<div class=\"elementor-widget-container\">\n\t\t\t\t\t\t\t\t\tGOURMET WALKS\t\t\t\t\t\t\t\t<\/div>\n\t\t\t\t<\/div>\n\t\t\t\t<div class=\"elementor-element elementor-element-04c09a9 elementor-widget elementor-widget-text-editor\" data-id=\"04c09a9\" data-element_type=\"widget\" data-e-type=\"widget\" data-widget_type=\"text-editor.default\">\n\t\t\t\t<div class=\"elementor-widget-container\">\n\t\t\t\t\t\t\t\t\tHomemade jams made in Saint Pierre en Faucigny.\t\t\t\t\t\t\t\t<\/div>\n\t\t\t\t<\/div>\n\t\t\t\t<div class=\"elementor-element elementor-element-a44b4b0 elementor-widget elementor-widget-text-editor\" data-id=\"a44b4b0\" data-element_type=\"widget\" data-e-type=\"widget\" data-widget_type=\"text-editor.default\">\n\t\t\t\t<div class=\"elementor-widget-container\">\n\t\t\t\t\t\t\t\t\tSAINT-ESPRIT DISTILLERY,\t\t\t\t\t\t\t\t<\/div>\n\t\t\t\t<\/div>\n\t\t\t\t<div class=\"elementor-element elementor-element-bda6b78 elementor-widget elementor-widget-text-editor\" data-id=\"bda6b78\" data-element_type=\"widget\" data-e-type=\"widget\" data-widget_type=\"text-editor.default\">\n\t\t\t\t<div class=\"elementor-widget-container\">\n\t\t\t\t\t\t\t\t\tThis is located in the Reception Hall; we are pleased to work with local producers.\t\t\t\t\t\t\t\t<\/div>\n\t\t\t\t<\/div>\n\t\t\t\t<div class=\"elementor-element elementor-element-4fc276d elementor-widget elementor-widget-text-editor\" data-id=\"4fc276d\" data-element_type=\"widget\" data-e-type=\"widget\" data-widget_type=\"text-editor.default\">\n\t\t\t\t<div class=\"elementor-widget-container\">\n\t\t\t\t\t\t\t\t\t<p>Our sensitivity to ecology has led us to work with filtered water in the restaurant.<\/p>\t\t\t\t\t\t\t\t<\/div>\n\t\t\t\t<\/div>\n\t\t\t\t<div class=\"elementor-element elementor-element-34795c3 elementor-widget elementor-widget-text-editor\" data-id=\"34795c3\" data-element_type=\"widget\" data-e-type=\"widget\" data-widget_type=\"text-editor.default\">\n\t\t\t\t<div class=\"elementor-widget-container\">\n\t\t\t\t\t\t\t\t\tAQUACHIARRA WATER BOTTLES\t\t\t\t\t\t\t\t<\/div>\n\t\t\t\t<\/div>\n\t\t\t\t<div class=\"elementor-element elementor-element-e7bcdf4 elementor-widget elementor-widget-text-editor\" data-id=\"e7bcdf4\" data-element_type=\"widget\" data-e-type=\"widget\" data-widget_type=\"text-editor.default\">\n\t\t\t\t<div class=\"elementor-widget-container\">\n\t\t\t\t\t\t\t\t\t<p>are also for sale: ideal for your<br \/>travel.<\/p>\t\t\t\t\t\t\t\t<\/div>\n\t\t\t\t<\/div>\n\t\t\t\t\t<\/div>\n\t\t\t\t<\/div>\n\t\t\t\t<\/div>","protected":false},"excerpt":{"rendered":"<p>Room Directory L\u2019H\u00f4tel des Alpes : Id\u00e9alement situ\u00e9 \u00e0 deux pas de la gare de Bonneville, l\u2019h\u00f4tel est ouvert toute l\u2019ann\u00e9e. Notre \u00e9tablissement n\u2019est pas en capacit\u00e9 de recevoir des personnes \u00e0 mobilit\u00e9 r\u00e9duite. L\u2019\u00e9tablissement poss\u00e8de 16 chambres sans ascenseur 5 Chambres Standard 6 Chambres Sup\u00e9rieur 3 Chambres Triple 2 Chambres familiales pouvant accueillir jusqu\u2019\u00e0 [&hellip;]<\/p>\n","protected":false},"author":1,"featured_media":0,"parent":0,"menu_order":0,"comment_status":"closed","ping_status":"closed","template":"","meta":{"footnotes":""},"class_list":["post-1757","page","type-page","status-publish","hentry"],"_links":{"self":[{"href":"https:\/\/lhoteldesalpes.com\/en\/wp-json\/wp\/v2\/pages\/1757","targetHints":{"allow":["GET"]}}],"collection":[{"href":"https:\/\/lhoteldesalpes.com\/en\/wp-json\/wp\/v2\/pages"}],"about":[{"href":"https:\/\/lhoteldesalpes.com\/en\/wp-json\/wp\/v2\/types\/page"}],"author":[{"embeddable":true,"href":"https:\/\/lhoteldesalpes.com\/en\/wp-json\/wp\/v2\/users\/1"}],"replies":[{"embeddable":true,"href":"https:\/\/lhoteldesalpes.com\/en\/wp-json\/wp\/v2\/comments?post=1757"}],"version-history":[{"count":17,"href":"https:\/\/lhoteldesalpes.com\/en\/wp-json\/wp\/v2\/pages\/1757\/revisions"}],"predecessor-version":[{"id":1800,"href":"https:\/\/lhoteldesalpes.com\/en\/wp-json\/wp\/v2\/pages\/1757\/revisions\/1800"}],"wp:attachment":[{"href":"https:\/\/lhoteldesalpes.com\/en\/wp-json\/wp\/v2\/media?parent=1757"}],"curies":[{"name":"wp","href":"https:\/\/api.w.org\/{rel}","templated":true}]}}