{"id":25,"date":"2025-03-24T08:20:08","date_gmt":"2025-03-24T08:20:08","guid":{"rendered":"https:\/\/lhoteldesalpes.com\/?page_id=25"},"modified":"2026-03-11T15:04:07","modified_gmt":"2026-03-11T15:04:07","slug":"equipe-2","status":"publish","type":"page","link":"https:\/\/lhoteldesalpes.com\/en\/equipe-2\/","title":{"rendered":"Contact"},"content":{"rendered":"\t\t<div data-elementor-type=\"wp-page\" data-elementor-id=\"25\" class=\"elementor elementor-25\" data-elementor-post-type=\"page\">\n\t\t\t\t<div class=\"elementor-element elementor-element-2f32744 e-flex e-con-boxed e-con e-parent\" data-id=\"2f32744\" data-element_type=\"container\" data-e-type=\"container\" data-settings=\"{&quot;background_background&quot;:&quot;classic&quot;}\">\n\t\t\t\t\t<div class=\"e-con-inner\">\n\t\t<div class=\"elementor-element elementor-element-6b2a978 e-flex e-con-boxed e-con e-child\" data-id=\"6b2a978\" data-element_type=\"container\" data-e-type=\"container\">\n\t\t\t\t\t<div class=\"e-con-inner\">\n\t\t\t\t<div class=\"elementor-element elementor-element-6e1a02d elementor-widget elementor-widget-image\" data-id=\"6e1a02d\" data-element_type=\"widget\" data-e-type=\"widget\" data-widget_type=\"image.default\">\n\t\t\t\t<div class=\"elementor-widget-container\">\n\t\t\t\t\t\t\t\t\t\t\t\t\t\t\t<img fetchpriority=\"high\" decoding=\"async\" width=\"499\" height=\"488\" src=\"https:\/\/lhoteldesalpes.com\/wp-content\/uploads\/2025\/03\/Calque-4.png\" class=\"attachment-large size-large wp-image-56\" alt=\"Logo HdA\" srcset=\"https:\/\/lhoteldesalpes.com\/wp-content\/uploads\/2025\/03\/Calque-4.png 499w, https:\/\/lhoteldesalpes.com\/wp-content\/uploads\/2025\/03\/Calque-4-300x293.png 300w\" sizes=\"(max-width: 499px) 100vw, 499px\" \/>\t\t\t\t\t\t\t\t\t\t\t\t\t\t\t<\/div>\n\t\t\t\t<\/div>\n\t\t\t\t<div class=\"elementor-element elementor-element-5d8246d elementor-widget elementor-widget-heading\" data-id=\"5d8246d\" data-element_type=\"widget\" data-e-type=\"widget\" data-widget_type=\"heading.default\">\n\t\t\t\t<div class=\"elementor-widget-container\">\n\t\t\t\t\t<h2 class=\"elementor-heading-title elementor-size-default\">Contactez-nous !<\/h2>\t\t\t\t<\/div>\n\t\t\t\t<\/div>\n\t\t\t\t<div class=\"elementor-element elementor-element-774e1b8 elementor-widget elementor-widget-heading\" data-id=\"774e1b8\" data-element_type=\"widget\" data-e-type=\"widget\" data-widget_type=\"heading.default\">\n\t\t\t\t<div class=\"elementor-widget-container\">\n\t\t\t\t\t<p class=\"elementor-heading-title elementor-size-default\"><a href=\"mailto:info@lhoteldesalpes.com\">info@lhoteldesalpes.com<\/a><\/p>\t\t\t\t<\/div>\n\t\t\t\t<\/div>\n\t\t\t\t<div class=\"elementor-element elementor-element-28127b0 elementor-widget elementor-widget-heading\" data-id=\"28127b0\" data-element_type=\"widget\" data-e-type=\"widget\" data-widget_type=\"heading.default\">\n\t\t\t\t<div class=\"elementor-widget-container\">\n\t\t\t\t\t<p class=\"elementor-heading-title elementor-size-default\"><a href=\"tel:+33450971047\">+33.4.50.97.10.47<\/a><\/p>\t\t\t\t<\/div>\n\t\t\t\t<\/div>\n\t\t\t\t\t<\/div>\n\t\t\t\t<\/div>\n\t\t<div class=\"elementor-element elementor-element-69f4c10 e-con-full e-flex e-con e-child\" data-id=\"69f4c10\" data-element_type=\"container\" data-e-type=\"container\">\n\t\t\t\t<div class=\"elementor-element elementor-element-ab99e0d elementor-button-align-stretch elementor-widget elementor-widget-form\" data-id=\"ab99e0d\" data-element_type=\"widget\" data-e-type=\"widget\" data-settings=\"{&quot;button_width&quot;:&quot;25&quot;,&quot;step_next_label&quot;:&quot;Suivant&quot;,&quot;step_previous_label&quot;:&quot;Pr\\u00e9c\\u00e9dent&quot;,&quot;step_type&quot;:&quot;number_text&quot;,&quot;step_icon_shape&quot;:&quot;circle&quot;}\" data-widget_type=\"form.default\">\n\t\t\t\t<div class=\"elementor-widget-container\">\n\t\t\t\t\t\t\t<form class=\"elementor-form\" method=\"post\" name=\"Nouveau formulaire\" aria-label=\"Nouveau formulaire\">\n\t\t\t<input type=\"hidden\" name=\"post_id\" value=\"25\"\/>\n\t\t\t<input type=\"hidden\" name=\"form_id\" value=\"ab99e0d\"\/>\n\t\t\t<input type=\"hidden\" name=\"referer_title\" value=\"Contact - L&#039;H\u00f4tel des Alpes - Bonneville\" \/>\n\n\t\t\t\t\t\t\t<input type=\"hidden\" name=\"queried_id\" value=\"25\"\/>\n\t\t\t\n\t\t\t<div class=\"elementor-form-fields-wrapper elementor-labels-\">\n\t\t\t\t\t\t\t\t<div class=\"elementor-field-type-text elementor-field-group elementor-column elementor-field-group-name elementor-col-50\">\n\t\t\t\t\t\t\t\t\t\t\t\t\t<input size=\"1\" type=\"text\" name=\"form_fields[name]\" id=\"form-field-name\" class=\"elementor-field elementor-size-sm  elementor-field-textual\" placeholder=\"Nom\">\n\t\t\t\t\t\t\t\t\t\t\t<\/div>\n\t\t\t\t\t\t\t\t<div class=\"elementor-field-type-email elementor-field-group elementor-column elementor-field-group-email elementor-col-50 elementor-field-required\">\n\t\t\t\t\t\t\t\t\t\t\t\t\t<input size=\"1\" type=\"email\" name=\"form_fields[email]\" id=\"form-field-email\" class=\"elementor-field elementor-size-sm  elementor-field-textual\" placeholder=\"E-mail\" required=\"required\">\n\t\t\t\t\t\t\t\t\t\t\t<\/div>\n\t\t\t\t\t\t\t\t<div class=\"elementor-field-type-textarea elementor-field-group elementor-column elementor-field-group-message elementor-col-100\">\n\t\t\t\t\t<textarea class=\"elementor-field-textual elementor-field  elementor-size-sm\" name=\"form_fields[message]\" id=\"form-field-message\" rows=\"2\" placeholder=\"Message\"><\/textarea>\t\t\t\t<\/div>\n\t\t\t\t\t\t\t\t<div class=\"elementor-field-group elementor-column elementor-field-type-submit elementor-col-25 e-form__buttons\">\n\t\t\t\t\t<button class=\"elementor-button elementor-size-sm\" type=\"submit\">\n\t\t\t\t\t\t<span class=\"elementor-button-content-wrapper\">\n\t\t\t\t\t\t\t\t\t\t\t\t\t\t\t\t\t\t\t\t\t\t<span class=\"elementor-button-text\">Envoyer<\/span>\n\t\t\t\t\t\t\t\t\t\t\t\t\t<\/span>\n\t\t\t\t\t<\/button>\n\t\t\t\t<\/div>\n\t\t\t<\/div>\n\t\t<\/form>\n\t\t\t\t\t\t<\/div>\n\t\t\t\t<\/div>\n\t\t\t\t<\/div>\n\t\t\t\t\t<\/div>\n\t\t\t\t<\/div>\n\t\t<div class=\"elementor-element elementor-element-9320e65 e-con-full e-flex e-con e-parent\" data-id=\"9320e65\" data-element_type=\"container\" data-e-type=\"container\" data-settings=\"{&quot;background_background&quot;:&quot;classic&quot;}\">\n\t\t<div class=\"elementor-element elementor-element-f19cfe7 e-flex e-con-boxed e-con e-child\" data-id=\"f19cfe7\" data-element_type=\"container\" data-e-type=\"container\">\n\t\t\t\t\t<div class=\"e-con-inner\">\n\t\t<div class=\"elementor-element elementor-element-2f213f0 e-con-full e-flex e-con e-child\" data-id=\"2f213f0\" data-element_type=\"container\" data-e-type=\"container\">\n\t\t<div class=\"elementor-element elementor-element-dbfb7fa e-con-full e-flex e-con e-child\" data-id=\"dbfb7fa\" data-element_type=\"container\" data-e-type=\"container\">\n\t\t\t\t<div class=\"elementor-element elementor-element-86e5a91 elementor-widget elementor-widget-google_maps\" data-id=\"86e5a91\" data-element_type=\"widget\" data-e-type=\"widget\" data-widget_type=\"google_maps.default\">\n\t\t\t\t<div class=\"elementor-widget-container\">\n\t\t\t\t\t\t\t<div class=\"elementor-custom-embed\">\n\t\t\t<iframe loading=\"lazy\"\n\t\t\t\t\tsrc=\"https:\/\/maps.google.com\/maps?q=85%20avenue%20de%20la%20gare%2074130%2C%20Bonnville&#038;t=m&#038;z=13&#038;output=embed&#038;iwloc=near\"\n\t\t\t\t\ttitle=\"85 avenue de la gare 74130, Bonnville\"\n\t\t\t\t\taria-label=\"85 avenue de la gare 74130, Bonnville\"\n\t\t\t><\/iframe>\n\t\t<\/div>\n\t\t\t\t\t\t<\/div>\n\t\t\t\t<\/div>\n\t\t\t\t<\/div>\n\t\t\t\t<\/div>\n\t\t<div class=\"elementor-element elementor-element-198555c e-con-full e-flex e-con e-child\" data-id=\"198555c\" data-element_type=\"container\" data-e-type=\"container\">\n\t\t\t\t<div class=\"elementor-element elementor-element-675767e elementor-widget elementor-widget-heading\" data-id=\"675767e\" data-element_type=\"widget\" data-e-type=\"widget\" data-widget_type=\"heading.default\">\n\t\t\t\t<div class=\"elementor-widget-container\">\n\t\t\t\t\t<h2 class=\"elementor-heading-title elementor-size-default\">Contactez-nous ! <\/h2>\t\t\t\t<\/div>\n\t\t\t\t<\/div>\n\t\t\t\t<div class=\"elementor-element elementor-element-55efeb7 elementor-widget elementor-widget-heading\" data-id=\"55efeb7\" data-element_type=\"widget\" data-e-type=\"widget\" data-widget_type=\"heading.default\">\n\t\t\t\t<div class=\"elementor-widget-container\">\n\t\t\t\t\t<p class=\"elementor-heading-title elementor-size-default\">85 Av. de la Gare\u200b<\/p>\t\t\t\t<\/div>\n\t\t\t\t<\/div>\n\t\t\t\t<div class=\"elementor-element elementor-element-ffd80b5 elementor-widget elementor-widget-heading\" data-id=\"ffd80b5\" data-element_type=\"widget\" data-e-type=\"widget\" data-widget_type=\"heading.default\">\n\t\t\t\t<div class=\"elementor-widget-container\">\n\t\t\t\t\t<p class=\"elementor-heading-title elementor-size-default\">74130, Bonneville.\u200b<\/p>\t\t\t\t<\/div>\n\t\t\t\t<\/div>\n\t\t\t\t<div class=\"elementor-element elementor-element-4fd9981 elementor-widget elementor-widget-heading\" data-id=\"4fd9981\" data-element_type=\"widget\" data-e-type=\"widget\" data-widget_type=\"heading.default\">\n\t\t\t\t<div class=\"elementor-widget-container\">\n\t\t\t\t\t<p class=\"elementor-heading-title elementor-size-default\"><a href=\"mailto:info@hoteldesalpes.com\">info@lhoteldesalpes.com\u200b<\/a><\/p>\t\t\t\t<\/div>\n\t\t\t\t<\/div>\n\t\t\t\t<div class=\"elementor-element elementor-element-2588d7b elementor-widget elementor-widget-heading\" data-id=\"2588d7b\" data-element_type=\"widget\" data-e-type=\"widget\" data-widget_type=\"heading.default\">\n\t\t\t\t<div class=\"elementor-widget-container\">\n\t\t\t\t\t<p class=\"elementor-heading-title elementor-size-default\"><a href=\"tel:+33450971047\">+33.4.50.97.10.47\u200b<\/a><\/p>\t\t\t\t<\/div>\n\t\t\t\t<\/div>\n\t\t\t\t<\/div>\n\t\t\t\t\t<\/div>\n\t\t\t\t<\/div>\n\t\t<div class=\"elementor-element elementor-element-b475d93 e-flex e-con-boxed e-con e-child\" data-id=\"b475d93\" data-element_type=\"container\" data-e-type=\"container\" data-settings=\"{&quot;background_background&quot;:&quot;classic&quot;}\">\n\t\t\t\t\t<div class=\"e-con-inner\">\n\t\t<div class=\"elementor-element elementor-element-0659e31 e-con-full e-flex e-con e-child\" data-id=\"0659e31\" data-element_type=\"container\" data-e-type=\"container\">\n\t\t<div class=\"elementor-element elementor-element-a09efeb e-con-full e-flex e-con e-child\" data-id=\"a09efeb\" data-element_type=\"container\" data-e-type=\"container\" data-settings=\"{&quot;background_background&quot;:&quot;classic&quot;}\">\n\t\t\t\t<div class=\"elementor-element elementor-element-279a986 elementor-widget elementor-widget-image\" data-id=\"279a986\" data-element_type=\"widget\" data-e-type=\"widget\" data-widget_type=\"image.default\">\n\t\t\t\t<div class=\"elementor-widget-container\">\n\t\t\t\t\t\t\t\t\t\t\t\t\t\t\t<img decoding=\"async\" width=\"234\" height=\"367\" src=\"https:\/\/lhoteldesalpes.com\/wp-content\/uploads\/2025\/03\/Calque-1.png\" class=\"attachment-large size-large wp-image-268\" alt=\"Logo icon de l&#039;H\u00f4tel des Alpes\" srcset=\"https:\/\/lhoteldesalpes.com\/wp-content\/uploads\/2025\/03\/Calque-1.png 234w, https:\/\/lhoteldesalpes.com\/wp-content\/uploads\/2025\/03\/Calque-1-191x300.png 191w\" sizes=\"(max-width: 234px) 100vw, 234px\" \/>\t\t\t\t\t\t\t\t\t\t\t\t\t\t\t<\/div>\n\t\t\t\t<\/div>\n\t\t\t\t<div class=\"elementor-element elementor-element-cb9d049 elementor-widget elementor-widget-heading\" data-id=\"cb9d049\" data-element_type=\"widget\" data-e-type=\"widget\" data-widget_type=\"heading.default\">\n\t\t\t\t<div class=\"elementor-widget-container\">\n\t\t\t\t\t<h3 class=\"elementor-heading-title elementor-size-default\">Parking \u00e0 disposition\u200b<\/h3>\t\t\t\t<\/div>\n\t\t\t\t<\/div>\n\t\t\t\t<div class=\"elementor-element elementor-element-24bead9 elementor-widget elementor-widget-heading\" data-id=\"24bead9\" data-element_type=\"widget\" data-e-type=\"widget\" data-widget_type=\"heading.default\">\n\t\t\t\t<div class=\"elementor-widget-container\">\n\t\t\t\t\t<p class=\"elementor-heading-title elementor-size-default\">Nous mettons \u00e0 votre disposition un parking priv\u00e9. Vous pouvez r\u00e9server lors de cotre r\u00e9servation.\u200b<\/p>\t\t\t\t<\/div>\n\t\t\t\t<\/div>\n\t\t\t\t<\/div>\n\t\t<div class=\"elementor-element elementor-element-2487099 e-con-full e-flex e-con e-child\" data-id=\"2487099\" data-element_type=\"container\" data-e-type=\"container\" data-settings=\"{&quot;background_background&quot;:&quot;classic&quot;}\">\n\t\t\t\t<div class=\"elementor-element elementor-element-c588118 elementor-widget elementor-widget-image\" data-id=\"c588118\" data-element_type=\"widget\" data-e-type=\"widget\" data-widget_type=\"image.default\">\n\t\t\t\t<div class=\"elementor-widget-container\">\n\t\t\t\t\t\t\t\t\t\t\t\t\t\t\t<img decoding=\"async\" width=\"234\" height=\"367\" src=\"https:\/\/lhoteldesalpes.com\/wp-content\/uploads\/2025\/03\/Calque-1.png\" class=\"attachment-large size-large wp-image-268\" alt=\"Logo icon de l&#039;H\u00f4tel des Alpes\" srcset=\"https:\/\/lhoteldesalpes.com\/wp-content\/uploads\/2025\/03\/Calque-1.png 234w, https:\/\/lhoteldesalpes.com\/wp-content\/uploads\/2025\/03\/Calque-1-191x300.png 191w\" sizes=\"(max-width: 234px) 100vw, 234px\" \/>\t\t\t\t\t\t\t\t\t\t\t\t\t\t\t<\/div>\n\t\t\t\t<\/div>\n\t\t\t\t<div class=\"elementor-element elementor-element-bce4a2b elementor-widget elementor-widget-heading\" data-id=\"bce4a2b\" data-element_type=\"widget\" data-e-type=\"widget\" data-widget_type=\"heading.default\">\n\t\t\t\t<div class=\"elementor-widget-container\">\n\t\t\t\t\t<h3 class=\"elementor-heading-title elementor-size-default\">\u00c0 deux pas de la gare\u200b<\/h3>\t\t\t\t<\/div>\n\t\t\t\t<\/div>\n\t\t\t\t<div class=\"elementor-element elementor-element-7bb4ce0 elementor-widget elementor-widget-heading\" data-id=\"7bb4ce0\" data-element_type=\"widget\" data-e-type=\"widget\" data-widget_type=\"heading.default\">\n\t\t\t\t<div class=\"elementor-widget-container\">\n\t\t\t\t\t<p class=\"elementor-heading-title elementor-size-default\">Notre \u00e9tablissement est id\u00e9alement situ\u00e9, \u00e0 seulement 3 minutes \u00e0 pied de la gare.\u200b<\/p>\t\t\t\t<\/div>\n\t\t\t\t<\/div>\n\t\t\t\t<\/div>\n\t\t<div class=\"elementor-element elementor-element-6c511f5 e-con-full e-flex e-con e-child\" data-id=\"6c511f5\" data-element_type=\"container\" data-e-type=\"container\" data-settings=\"{&quot;background_background&quot;:&quot;classic&quot;}\">\n\t\t\t\t<div class=\"elementor-element elementor-element-0fad863 elementor-widget elementor-widget-image\" data-id=\"0fad863\" data-element_type=\"widget\" data-e-type=\"widget\" data-widget_type=\"image.default\">\n\t\t\t\t<div class=\"elementor-widget-container\">\n\t\t\t\t\t\t\t\t\t\t\t\t\t\t\t<img decoding=\"async\" width=\"234\" height=\"367\" src=\"https:\/\/lhoteldesalpes.com\/wp-content\/uploads\/2025\/03\/Calque-1.png\" class=\"attachment-large size-large wp-image-268\" alt=\"Logo icon de l&#039;H\u00f4tel des Alpes\" srcset=\"https:\/\/lhoteldesalpes.com\/wp-content\/uploads\/2025\/03\/Calque-1.png 234w, https:\/\/lhoteldesalpes.com\/wp-content\/uploads\/2025\/03\/Calque-1-191x300.png 191w\" sizes=\"(max-width: 234px) 100vw, 234px\" \/>\t\t\t\t\t\t\t\t\t\t\t\t\t\t\t<\/div>\n\t\t\t\t<\/div>\n\t\t\t\t<div class=\"elementor-element elementor-element-42ffb24 elementor-widget elementor-widget-heading\" data-id=\"42ffb24\" data-element_type=\"widget\" data-e-type=\"widget\" data-widget_type=\"heading.default\">\n\t\t\t\t<div class=\"elementor-widget-container\">\n\t\t\t\t\t<h3 class=\"elementor-heading-title elementor-size-default\">Au c\u0153ur des Alpes\u200b<\/h3>\t\t\t\t<\/div>\n\t\t\t\t<\/div>\n\t\t\t\t<div class=\"elementor-element elementor-element-411a901 elementor-widget elementor-widget-heading\" data-id=\"411a901\" data-element_type=\"widget\" data-e-type=\"widget\" data-widget_type=\"heading.default\">\n\t\t\t\t<div class=\"elementor-widget-container\">\n\t\t\t\t\t<p class=\"elementor-heading-title elementor-size-default\">Profitez d\u2019un emplacement privil\u00e9gi\u00e9, \u00e0 proximit\u00e9 de Gen\u00e8ve, Annecy et Chamonix-Mont-Blanc.\u200b<\/p>\t\t\t\t<\/div>\n\t\t\t\t<\/div>\n\t\t\t\t<\/div>\n\t\t\t\t<\/div>\n\t\t\t\t\t<\/div>\n\t\t\t\t<\/div>\n\t\t\t\t<\/div>\n\t\t\t\t<\/div>\n\t\t","protected":false},"excerpt":{"rendered":"<p>Contactez-nous ! info@lhoteldesalpes.com +33.4.50.97.10.47 Contactez-nous ! 85 Av. de la Gare\u200b 74130, Bonneville.\u200b info@lhoteldesalpes.com\u200b +33.4.50.97.10.47\u200b Parking \u00e0 disposition\u200b Nous mettons \u00e0 votre disposition un parking priv\u00e9. Vous pouvez r\u00e9server lors de cotre r\u00e9servation.\u200b \u00c0 deux pas de la gare\u200b Notre \u00e9tablissement est id\u00e9alement situ\u00e9, \u00e0 seulement 3 minutes \u00e0 pied de la gare.\u200b Au c\u0153ur [&hellip;]<\/p>\n","protected":false},"author":1,"featured_media":1203,"parent":0,"menu_order":0,"comment_status":"closed","ping_status":"closed","template":"","meta":{"footnotes":""},"class_list":["post-25","page","type-page","status-publish","has-post-thumbnail","hentry"],"_links":{"self":[{"href":"https:\/\/lhoteldesalpes.com\/en\/wp-json\/wp\/v2\/pages\/25","targetHints":{"allow":["GET"]}}],"collection":[{"href":"https:\/\/lhoteldesalpes.com\/en\/wp-json\/wp\/v2\/pages"}],"about":[{"href":"https:\/\/lhoteldesalpes.com\/en\/wp-json\/wp\/v2\/types\/page"}],"author":[{"embeddable":true,"href":"https:\/\/lhoteldesalpes.com\/en\/wp-json\/wp\/v2\/users\/1"}],"replies":[{"embeddable":true,"href":"https:\/\/lhoteldesalpes.com\/en\/wp-json\/wp\/v2\/comments?post=25"}],"version-history":[{"count":82,"href":"https:\/\/lhoteldesalpes.com\/en\/wp-json\/wp\/v2\/pages\/25\/revisions"}],"predecessor-version":[{"id":1891,"href":"https:\/\/lhoteldesalpes.com\/en\/wp-json\/wp\/v2\/pages\/25\/revisions\/1891"}],"wp:featuredmedia":[{"embeddable":true,"href":"https:\/\/lhoteldesalpes.com\/en\/wp-json\/wp\/v2\/media\/1203"}],"wp:attachment":[{"href":"https:\/\/lhoteldesalpes.com\/en\/wp-json\/wp\/v2\/media?parent=25"}],"curies":[{"name":"wp","href":"https:\/\/api.w.org\/{rel}","templated":true}]}}