{"id":29,"date":"2025-03-24T08:20:59","date_gmt":"2025-03-24T08:20:59","guid":{"rendered":"https:\/\/lhoteldesalpes.com\/?page_id=29"},"modified":"2025-03-24T10:50:10","modified_gmt":"2025-03-24T10:50:10","slug":"mentions-legales","status":"publish","type":"page","link":"https:\/\/lhoteldesalpes.com\/en\/mentions-legales\/","title":{"rendered":"Legal Notices"},"content":{"rendered":"<div data-elementor-type=\"wp-page\" data-elementor-id=\"29\" class=\"elementor elementor-29\" data-elementor-post-type=\"page\">\n\t\t\t\t<div class=\"elementor-element elementor-element-5ba6efca e-con-full e-flex e-con e-parent\" data-id=\"5ba6efca\" data-element_type=\"container\" data-e-type=\"container\" data-settings=\"{&quot;background_background&quot;:&quot;classic&quot;}\">\n\t\t\t\t<div class=\"elementor-element elementor-element-61c33050 elementor-widget elementor-widget-text-editor\" data-id=\"61c33050\" data-element_type=\"widget\" data-e-type=\"widget\" data-widget_type=\"text-editor.default\">\n\t\t\t\t<div class=\"elementor-widget-container\">\n\t\t\t\t\t\t\t\t\t<p>LEGAL NOTICES<\/p>\t\t\t\t\t\t\t\t<\/div>\n\t\t\t\t<\/div>\n\t\t<div class=\"elementor-element elementor-element-3cd8791a e-con-full e-flex e-con e-child\" data-id=\"3cd8791a\" data-element_type=\"container\" data-e-type=\"container\">\n\t\t\t\t<div class=\"elementor-element elementor-element-704364c3 elementor-widget elementor-widget-text-editor\" data-id=\"704364c3\" data-element_type=\"widget\" data-e-type=\"widget\" data-widget_type=\"text-editor.default\">\n\t\t\t\t<div class=\"elementor-widget-container\">\n\t\t\t\t\t\t\t\t\t<p>SITE EDITOR<\/p>\t\t\t\t\t\t\t\t<\/div>\n\t\t\t\t<\/div>\n\t\t\t\t<div class=\"elementor-element elementor-element-5d164c12 elementor-widget elementor-widget-text-editor\" data-id=\"5d164c12\" data-element_type=\"widget\" data-e-type=\"widget\" data-widget_type=\"text-editor.default\">\n\t\t\t\t<div class=\"elementor-widget-container\">\n\t\t\t\t\t\t\t\t\t<p>Hotel des Alpes<\/p><p>85 avenue de la gare<br \/>74130, Bonnville<\/p><p>+33.4.50.97.10.47<br \/>info@lhoteldesalpes.com<\/p>\t\t\t\t\t\t\t\t<\/div>\n\t\t\t\t<\/div>\n\t\t\t\t<\/div>\n\t\t<div class=\"elementor-element elementor-element-47b82d59 e-con-full e-flex e-con e-child\" data-id=\"47b82d59\" data-element_type=\"container\" data-e-type=\"container\">\n\t\t\t\t<div class=\"elementor-element elementor-element-2fe780bb elementor-widget elementor-widget-text-editor\" data-id=\"2fe780bb\" data-element_type=\"widget\" data-e-type=\"widget\" data-widget_type=\"text-editor.default\">\n\t\t\t\t<div class=\"elementor-widget-container\">\n\t\t\t\t\t\t\t\t\t<p>ACCOMMODATION<\/p>\t\t\t\t\t\t\t\t<\/div>\n\t\t\t\t<\/div>\n\t\t\t\t<div class=\"elementor-element elementor-element-5512e965 elementor-widget elementor-widget-text-editor\" data-id=\"5512e965\" data-element_type=\"widget\" data-e-type=\"widget\" data-widget_type=\"text-editor.default\">\n\t\t\t\t<div class=\"elementor-widget-container\">\n\t\t\t\t\t\t\t\t\t<p>The site is hosted by Hostinger<br \/>61 Lordou Virinos Streer, 6023 Larnaca, Cyprus<\/p>\t\t\t\t\t\t\t\t<\/div>\n\t\t\t\t<\/div>\n\t\t\t\t<\/div>\n\t\t<div class=\"elementor-element elementor-element-5584256 e-con-full e-flex e-con e-child\" data-id=\"5584256\" data-element_type=\"container\" data-e-type=\"container\">\n\t\t\t\t<div class=\"elementor-element elementor-element-4850f318 elementor-widget elementor-widget-text-editor\" data-id=\"4850f318\" data-element_type=\"widget\" data-e-type=\"widget\" data-widget_type=\"text-editor.default\">\n\t\t\t\t<div class=\"elementor-widget-container\">\n\t\t\t\t\t\t\t\t\t<p>INTELLECTUAL PROPERTY<\/p>\t\t\t\t\t\t\t\t<\/div>\n\t\t\t\t<\/div>\n\t\t\t\t<div class=\"elementor-element elementor-element-5c9b327b elementor-widget elementor-widget-text-editor\" data-id=\"5c9b327b\" data-element_type=\"widget\" data-e-type=\"widget\" data-widget_type=\"text-editor.default\">\n\t\t\t\t<div class=\"elementor-widget-container\">\n\t\t\t\t\t\t\t\t\t<p>The content of the website lhoteldesalpes.com (texts, images, videos, etc.) is protected by intellectual property laws and belongs to \u201cl&#039;H\u00f4tel des Alpes\u201d. Any reproduction, representation, distribution or exploitation of this content is strictly prohibited without prior authorization.<\/p>\t\t\t\t\t\t\t\t<\/div>\n\t\t\t\t<\/div>\n\t\t\t\t<\/div>\n\t\t<div class=\"elementor-element elementor-element-5ae4f084 e-con-full e-flex e-con e-child\" data-id=\"5ae4f084\" data-element_type=\"container\" data-e-type=\"container\">\n\t\t\t\t<div class=\"elementor-element elementor-element-5156be45 elementor-widget elementor-widget-text-editor\" data-id=\"5156be45\" data-element_type=\"widget\" data-e-type=\"widget\" data-widget_type=\"text-editor.default\">\n\t\t\t\t<div class=\"elementor-widget-container\">\n\t\t\t\t\t\t\t\t\t<p>PERSONAL DATA<\/p>\t\t\t\t\t\t\t\t<\/div>\n\t\t\t\t<\/div>\n\t\t\t\t<div class=\"elementor-element elementor-element-249bb31c elementor-widget elementor-widget-text-editor\" data-id=\"249bb31c\" data-element_type=\"widget\" data-e-type=\"widget\" data-widget_type=\"text-editor.default\">\n\t\t\t\t<div class=\"elementor-widget-container\">\n\t\t\t\t\t\t\t\t\t<p>H\u00f4tel des Alpes is committed to protecting the privacy of its website users. For more information on the collection and processing of personal data, please consult our Privacy Policy.<\/p>\t\t\t\t\t\t\t\t<\/div>\n\t\t\t\t<\/div>\n\t\t\t\t<\/div>\n\t\t<div class=\"elementor-element elementor-element-46cba393 e-con-full e-flex e-con e-child\" data-id=\"46cba393\" data-element_type=\"container\" data-e-type=\"container\">\n\t\t\t\t<div class=\"elementor-element elementor-element-81f80ee elementor-widget elementor-widget-text-editor\" data-id=\"81f80ee\" data-element_type=\"widget\" data-e-type=\"widget\" data-widget_type=\"text-editor.default\">\n\t\t\t\t<div class=\"elementor-widget-container\">\n\t\t\t\t\t\t\t\t\t<p>COOKIES<\/p>\t\t\t\t\t\t\t\t<\/div>\n\t\t\t\t<\/div>\n\t\t\t\t<div class=\"elementor-element elementor-element-70edb3e6 elementor-widget elementor-widget-text-editor\" data-id=\"70edb3e6\" data-element_type=\"widget\" data-e-type=\"widget\" data-widget_type=\"text-editor.default\">\n\t\t\t\t<div class=\"elementor-widget-container\">\n\t\t\t\t\t\t\t\t\t<p>The lhoteldesalpes.com website uses cookies to improve the user experience. By browsing this site, you consent to the use of cookies in accordance with our Cookie Policy.<\/p>\t\t\t\t\t\t\t\t<\/div>\n\t\t\t\t<\/div>\n\t\t\t\t<\/div>\n\t\t<div class=\"elementor-element elementor-element-6a39d770 e-con-full e-flex e-con e-child\" data-id=\"6a39d770\" data-element_type=\"container\" data-e-type=\"container\">\n\t\t\t\t<div class=\"elementor-element elementor-element-73574659 elementor-widget elementor-widget-text-editor\" data-id=\"73574659\" data-element_type=\"widget\" data-e-type=\"widget\" data-widget_type=\"text-editor.default\">\n\t\t\t\t<div class=\"elementor-widget-container\">\n\t\t\t\t\t\t\t\t\t<p>EXTERNAL LINKS<\/p>\t\t\t\t\t\t\t\t<\/div>\n\t\t\t\t<\/div>\n\t\t\t\t<div class=\"elementor-element elementor-element-bcf8eb9 elementor-widget elementor-widget-text-editor\" data-id=\"bcf8eb9\" data-element_type=\"widget\" data-e-type=\"widget\" data-widget_type=\"text-editor.default\">\n\t\t\t\t<div class=\"elementor-widget-container\">\n\t\t\t\t\t\t\t\t\t<p>The lhoteldesalpes.com website may contain links to third-party websites. L&#039;H\u00f4tel des Alpes is not responsible for the content of these external sites or any damage caused by their use.<\/p>\t\t\t\t\t\t\t\t<\/div>\n\t\t\t\t<\/div>\n\t\t\t\t<\/div>\n\t\t<div class=\"elementor-element elementor-element-afda590 e-con-full e-flex e-con e-child\" data-id=\"afda590\" data-element_type=\"container\" data-e-type=\"container\">\n\t\t\t\t<div class=\"elementor-element elementor-element-1c498eab elementor-widget elementor-widget-text-editor\" data-id=\"1c498eab\" data-element_type=\"widget\" data-e-type=\"widget\" data-widget_type=\"text-editor.default\">\n\t\t\t\t<div class=\"elementor-widget-container\">\n\t\t\t\t\t\t\t\t\t<p>APPLICABLE LAW<\/p>\t\t\t\t\t\t\t\t<\/div>\n\t\t\t\t<\/div>\n\t\t\t\t<div class=\"elementor-element elementor-element-5f94649f elementor-widget elementor-widget-text-editor\" data-id=\"5f94649f\" data-element_type=\"widget\" data-e-type=\"widget\" data-widget_type=\"text-editor.default\">\n\t\t\t\t<div class=\"elementor-widget-container\">\n\t\t\t\t\t\t\t\t\t<p>This site is subject to French law. In the event of a dispute, the French courts will have sole jurisdiction.<\/p>\t\t\t\t\t\t\t\t<\/div>\n\t\t\t\t<\/div>\n\t\t\t\t<\/div>\n\t\t<div class=\"elementor-element elementor-element-b2e91a e-con-full e-flex e-con e-child\" data-id=\"b2e91a\" data-element_type=\"container\" data-e-type=\"container\">\n\t\t\t\t<div class=\"elementor-element elementor-element-61aa76c3 elementor-widget elementor-widget-text-editor\" data-id=\"61aa76c3\" data-element_type=\"widget\" data-e-type=\"widget\" data-widget_type=\"text-editor.default\">\n\t\t\t\t<div class=\"elementor-widget-container\">\n\t\t\t\t\t\t\t\t\t<p>CREDIT<\/p>\t\t\t\t\t\t\t\t<\/div>\n\t\t\t\t<\/div>\n\t\t\t\t<div class=\"elementor-element elementor-element-129569f6 elementor-widget elementor-widget-text-editor\" data-id=\"129569f6\" data-element_type=\"widget\" data-e-type=\"widget\" data-widget_type=\"text-editor.default\">\n\t\t\t\t<div class=\"elementor-widget-container\">\n\t\t\t\t\t\t\t\t\t<p>The website lhoteldesalpes.com was created by BZZ Studio.<\/p>\t\t\t\t\t\t\t\t<\/div>\n\t\t\t\t<\/div>\n\t\t\t\t<\/div>\n\t\t\t\t<\/div>\n\t\t\t\t<\/div>","protected":false},"excerpt":{"rendered":"<p>MENTIONS L\u00c9GALES \u00c9DITEUR DU SITE H\u00f4tel des Alpes 85 avenue de la gare74130, Bonnville +33.4.50.97.10.47info@lhoteldesalpes.com H\u00c9BERGEMENT Le site est h\u00e9berg\u00e9 par Hostinger61 Lordou Virinos Streer, 6023 Larnaca, Chypre PROPRI\u00c9T\u00c9 INTELLECTUELLE Le contenu du site lhoteldesalpes.com (textes, images, vid\u00e9os, etc.) est prot\u00e9g\u00e9 par les lois sur la propri\u00e9t\u00e9 intellectuelle et appartient \u00e0 \u201cl&rsquo;H\u00f4tel des Alpes\u201d. Toute [&hellip;]<\/p>\n","protected":false},"author":1,"featured_media":0,"parent":0,"menu_order":0,"comment_status":"closed","ping_status":"closed","template":"","meta":{"footnotes":""},"class_list":["post-29","page","type-page","status-publish","hentry"],"_links":{"self":[{"href":"https:\/\/lhoteldesalpes.com\/en\/wp-json\/wp\/v2\/pages\/29","targetHints":{"allow":["GET"]}}],"collection":[{"href":"https:\/\/lhoteldesalpes.com\/en\/wp-json\/wp\/v2\/pages"}],"about":[{"href":"https:\/\/lhoteldesalpes.com\/en\/wp-json\/wp\/v2\/types\/page"}],"author":[{"embeddable":true,"href":"https:\/\/lhoteldesalpes.com\/en\/wp-json\/wp\/v2\/users\/1"}],"replies":[{"embeddable":true,"href":"https:\/\/lhoteldesalpes.com\/en\/wp-json\/wp\/v2\/comments?post=29"}],"version-history":[{"count":22,"href":"https:\/\/lhoteldesalpes.com\/en\/wp-json\/wp\/v2\/pages\/29\/revisions"}],"predecessor-version":[{"id":158,"href":"https:\/\/lhoteldesalpes.com\/en\/wp-json\/wp\/v2\/pages\/29\/revisions\/158"}],"wp:attachment":[{"href":"https:\/\/lhoteldesalpes.com\/en\/wp-json\/wp\/v2\/media?parent=29"}],"curies":[{"name":"wp","href":"https:\/\/api.w.org\/{rel}","templated":true}]}}